{"id":2294,"date":"2022-04-25T17:24:23","date_gmt":"2022-04-25T17:24:23","guid":{"rendered":"https:\/\/rrdevs.net\/demos\/wp\/busico\/?page_id=2294"},"modified":"2024-01-22T15:24:29","modified_gmt":"2024-01-22T15:24:29","slug":"about-2","status":"publish","type":"page","link":"https:\/\/adn-innenausbau.net\/index.php\/about-2\/","title":{"rendered":"Trockenbau"},"content":{"rendered":"\t\t<div data-elementor-type=\"wp-page\" data-elementor-id=\"2294\" class=\"elementor elementor-2294\">\n\t\t\t\t\t\t<section class=\"elementor-section elementor-top-section elementor-element elementor-element-52609cd elementor-section-boxed elementor-section-height-default elementor-section-height-default rrdevs-custom-animation-no RRdevs-addons-sticky-no\" data-id=\"52609cd\" data-element_type=\"section\" data-settings=\"{&quot;background_background&quot;:&quot;classic&quot;,&quot;animation_on&quot;:&quot;no&quot;,&quot;rrdevs_sticky&quot;:&quot;no&quot;}\">\n\t\t\t\t\t\t<div class=\"elementor-container elementor-column-gap-default\">\n\t\t\t\t\t<div class=\"elementor-column elementor-col-100 elementor-top-column elementor-element elementor-element-b50c3a5\" data-id=\"b50c3a5\" data-element_type=\"column\">\n\t\t\t<div class=\"elementor-widget-wrap elementor-element-populated\">\n\t\t\t\t\t\t<div class=\"elementor-element elementor-element-53e44f6 RRdevs-addons-sticky-no elementor-widget elementor-widget-rrdevs-title\" data-id=\"53e44f6\" data-element_type=\"widget\" data-settings=\"{&quot;rrdevs_sticky&quot;:&quot;no&quot;}\" data-widget_type=\"rrdevs-title.default\">\n\t\t\t\t<div class=\"elementor-widget-container\">\n\t\t\t<h2 class=\"rrdevs-addons-title show-line-no\">Trockenbau<\/h2>\t\t<\/div>\n\t\t\t\t<\/div>\n\t\t\t\t<div class=\"elementor-element elementor-element-e5099c0 RRdevs-addons-sticky-no elementor-widget elementor-widget-rrdevs-breadcrumb\" data-id=\"e5099c0\" data-element_type=\"widget\" data-settings=\"{&quot;rrdevs_sticky&quot;:&quot;no&quot;}\" data-widget_type=\"rrdevs-breadcrumb.default\">\n\t\t\t\t<div class=\"elementor-widget-container\">\n\t\t\t<ul class=\"rrdevs-breadcrumbs\"><li class=\"rrdevs-breadcrumbs-item rrdevs-breadcrumbs-start\"><a href=\"https:\/\/adn-innenausbau.net\/\" rel=\"home\"><span class=\"rrdevs-breadcrumbs-text\">Home<\/span><\/a><\/li><\/ul>\t\t<\/div>\n\t\t\t\t<\/div>\n\t\t\t\t\t<\/div>\n\t\t<\/div>\n\t\t\t\t\t<\/div>\n\t\t<\/section>\n\t\t<div class=\"elementor-element elementor-element-563c162 e-flex e-con-boxed rrdevs-custom-animation-no e-con e-parent\" data-id=\"563c162\" data-element_type=\"container\" data-settings=\"{&quot;animation_on&quot;:&quot;no&quot;}\" data-core-v316-plus=\"true\">\n\t\t\t\t\t<div class=\"e-con-inner\">\n\t\t<div class=\"elementor-element elementor-element-fbd294b e-flex e-con-boxed rrdevs-custom-animation-no e-con e-child\" data-id=\"fbd294b\" data-element_type=\"container\" data-settings=\"{&quot;animation_on&quot;:&quot;no&quot;}\">\n\t\t\t\t\t<div class=\"e-con-inner\">\n\t\t\t\t\t<\/div>\n\t\t\t\t<\/div>\n\t\t\t\t\t<\/div>\n\t\t\t\t<\/div>\n\t\t<div class=\"elementor-element elementor-element-7cbaa1b e-flex e-con-boxed rrdevs-custom-animation-no e-con e-parent\" data-id=\"7cbaa1b\" data-element_type=\"container\" data-settings=\"{&quot;animation_on&quot;:&quot;no&quot;}\" data-core-v316-plus=\"true\">\n\t\t\t\t\t<div class=\"e-con-inner\">\n\t\t\t\t<div class=\"elementor-element elementor-element-6e7594e RRdevs-addons-sticky-no elementor-widget elementor-widget-text-editor\" data-id=\"6e7594e\" data-element_type=\"widget\" data-settings=\"{&quot;rrdevs_sticky&quot;:&quot;no&quot;}\" data-widget_type=\"text-editor.default\">\n\t\t\t\t<div class=\"elementor-widget-container\">\n\t\t\t<style>\/*! elementor - v3.20.0 - 20-03-2024 *\/\n.elementor-widget-text-editor.elementor-drop-cap-view-stacked .elementor-drop-cap{background-color:#69727d;color:#fff}.elementor-widget-text-editor.elementor-drop-cap-view-framed .elementor-drop-cap{color:#69727d;border:3px solid;background-color:transparent}.elementor-widget-text-editor:not(.elementor-drop-cap-view-default) .elementor-drop-cap{margin-top:8px}.elementor-widget-text-editor:not(.elementor-drop-cap-view-default) .elementor-drop-cap-letter{width:1em;height:1em}.elementor-widget-text-editor .elementor-drop-cap{float:left;text-align:center;line-height:1;font-size:50px}.elementor-widget-text-editor .elementor-drop-cap-letter{display:inline-block}<\/style>\t\t\t\t<p>Ob Sie Ihr Zuhause versch\u00f6nern m\u00f6chten oder einen gewerblichen Raum renovieren m\u00f6chten, bei uns sind Sie genau richtig. Wir bieten Ihnen eine umfassende Beratung und Planung, damit Ihr Vorhaben optimal umgesetzt werden kann.<\/p>\t\t\t\t\t\t<\/div>\n\t\t\t\t<\/div>\n\t\t\t\t\t<\/div>\n\t\t\t\t<\/div>\n\t\t<div class=\"elementor-element elementor-element-52b4d4c e-flex e-con-boxed rrdevs-custom-animation-no e-con e-parent\" data-id=\"52b4d4c\" data-element_type=\"container\" data-settings=\"{&quot;animation_on&quot;:&quot;no&quot;}\" data-core-v316-plus=\"true\">\n\t\t\t\t\t<div class=\"e-con-inner\">\n\t\t<div class=\"elementor-element elementor-element-2e1cbf0 e-flex e-con-boxed rrdevs-custom-animation-no e-con e-child\" data-id=\"2e1cbf0\" data-element_type=\"container\" data-settings=\"{&quot;animation_on&quot;:&quot;no&quot;}\">\n\t\t\t\t\t<div class=\"e-con-inner\">\n\t\t<div class=\"elementor-element elementor-element-ee69927 e-con-full e-flex rrdevs-custom-animation-no e-con e-child\" data-id=\"ee69927\" data-element_type=\"container\" data-settings=\"{&quot;animation_on&quot;:&quot;no&quot;}\">\n\t\t\t\t<div class=\"elementor-element elementor-element-24dc19c RRdevs-addons-sticky-no elementor-widget elementor-widget-image\" data-id=\"24dc19c\" data-element_type=\"widget\" data-settings=\"{&quot;rrdevs_sticky&quot;:&quot;no&quot;}\" data-widget_type=\"image.default\">\n\t\t\t\t<div class=\"elementor-widget-container\">\n\t\t\t<style>\/*! elementor - v3.20.0 - 20-03-2024 *\/\n.elementor-widget-image{text-align:center}.elementor-widget-image a{display:inline-block}.elementor-widget-image a img[src$=\".svg\"]{width:48px}.elementor-widget-image img{vertical-align:middle;display:inline-block}<\/style>\t\t\t\t\t\t\t\t\t\t<img fetchpriority=\"high\" decoding=\"async\" width=\"1024\" height=\"768\" src=\"https:\/\/adn-innenausbau.net\/wp-content\/uploads\/2024\/01\/WhatsApp-Image-2024-01-05-at-6.08.08-PM-2-1024x768.jpeg\" class=\"attachment-large size-large wp-image-7098\" alt=\"\" srcset=\"https:\/\/adn-innenausbau.net\/wp-content\/uploads\/2024\/01\/WhatsApp-Image-2024-01-05-at-6.08.08-PM-2-1024x768.jpeg 1024w, https:\/\/adn-innenausbau.net\/wp-content\/uploads\/2024\/01\/WhatsApp-Image-2024-01-05-at-6.08.08-PM-2-300x225.jpeg 300w, https:\/\/adn-innenausbau.net\/wp-content\/uploads\/2024\/01\/WhatsApp-Image-2024-01-05-at-6.08.08-PM-2-768x576.jpeg 768w, https:\/\/adn-innenausbau.net\/wp-content\/uploads\/2024\/01\/WhatsApp-Image-2024-01-05-at-6.08.08-PM-2-1536x1153.jpeg 1536w, https:\/\/adn-innenausbau.net\/wp-content\/uploads\/2024\/01\/WhatsApp-Image-2024-01-05-at-6.08.08-PM-2.jpeg 1599w\" sizes=\"(max-width: 1024px) 100vw, 1024px\" \/>\t\t\t\t\t\t\t\t\t\t\t\t\t<\/div>\n\t\t\t\t<\/div>\n\t\t\t\t<\/div>\n\t\t<div class=\"elementor-element elementor-element-fc3caa6 e-con-full e-flex rrdevs-custom-animation-no e-con e-child\" data-id=\"fc3caa6\" data-element_type=\"container\" data-settings=\"{&quot;animation_on&quot;:&quot;no&quot;}\">\n\t\t\t\t<div class=\"elementor-element elementor-element-f3fd605 RRdevs-addons-sticky-no elementor-widget elementor-widget-image\" data-id=\"f3fd605\" data-element_type=\"widget\" data-settings=\"{&quot;rrdevs_sticky&quot;:&quot;no&quot;}\" data-widget_type=\"image.default\">\n\t\t\t\t<div class=\"elementor-widget-container\">\n\t\t\t\t\t\t\t\t\t\t\t\t\t<img decoding=\"async\" width=\"1024\" height=\"1024\" src=\"https:\/\/adn-innenausbau.net\/wp-content\/uploads\/2024\/01\/Untitled-design-2-1024x1024.png\" class=\"attachment-large size-large wp-image-7136\" alt=\"\" srcset=\"https:\/\/adn-innenausbau.net\/wp-content\/uploads\/2024\/01\/Untitled-design-2-1024x1024.png 1024w, https:\/\/adn-innenausbau.net\/wp-content\/uploads\/2024\/01\/Untitled-design-2-300x300.png 300w, https:\/\/adn-innenausbau.net\/wp-content\/uploads\/2024\/01\/Untitled-design-2-150x150.png 150w, https:\/\/adn-innenausbau.net\/wp-content\/uploads\/2024\/01\/Untitled-design-2-768x768.png 768w, https:\/\/adn-innenausbau.net\/wp-content\/uploads\/2024\/01\/Untitled-design-2.png 1080w\" sizes=\"(max-width: 1024px) 100vw, 1024px\" \/>\t\t\t\t\t\t\t\t\t\t\t\t\t<\/div>\n\t\t\t\t<\/div>\n\t\t\t\t<\/div>\n\t\t<div class=\"elementor-element elementor-element-8515631 e-con-full e-flex rrdevs-custom-animation-no e-con e-child\" data-id=\"8515631\" data-element_type=\"container\" data-settings=\"{&quot;animation_on&quot;:&quot;no&quot;}\">\n\t\t\t\t<div class=\"elementor-element elementor-element-3278408 RRdevs-addons-sticky-no elementor-widget elementor-widget-image\" data-id=\"3278408\" data-element_type=\"widget\" data-settings=\"{&quot;rrdevs_sticky&quot;:&quot;no&quot;}\" data-widget_type=\"image.default\">\n\t\t\t\t<div class=\"elementor-widget-container\">\n\t\t\t\t\t\t\t\t\t\t\t\t\t<img decoding=\"async\" width=\"1024\" height=\"768\" src=\"https:\/\/adn-innenausbau.net\/wp-content\/uploads\/2024\/01\/WhatsApp-Image-2024-01-05-at-6.08.08-PM-1-1024x768.jpeg\" class=\"attachment-large size-large wp-image-7099\" alt=\"\" srcset=\"https:\/\/adn-innenausbau.net\/wp-content\/uploads\/2024\/01\/WhatsApp-Image-2024-01-05-at-6.08.08-PM-1-1024x768.jpeg 1024w, https:\/\/adn-innenausbau.net\/wp-content\/uploads\/2024\/01\/WhatsApp-Image-2024-01-05-at-6.08.08-PM-1-300x225.jpeg 300w, https:\/\/adn-innenausbau.net\/wp-content\/uploads\/2024\/01\/WhatsApp-Image-2024-01-05-at-6.08.08-PM-1-768x576.jpeg 768w, https:\/\/adn-innenausbau.net\/wp-content\/uploads\/2024\/01\/WhatsApp-Image-2024-01-05-at-6.08.08-PM-1-1536x1153.jpeg 1536w, https:\/\/adn-innenausbau.net\/wp-content\/uploads\/2024\/01\/WhatsApp-Image-2024-01-05-at-6.08.08-PM-1.jpeg 1599w\" sizes=\"(max-width: 1024px) 100vw, 1024px\" \/>\t\t\t\t\t\t\t\t\t\t\t\t\t<\/div>\n\t\t\t\t<\/div>\n\t\t\t\t<\/div>\n\t\t\t\t\t<\/div>\n\t\t\t\t<\/div>\n\t\t\t\t\t<\/div>\n\t\t\t\t<\/div>\n\t\t<div class=\"elementor-element elementor-element-4f662ff e-flex e-con-boxed rrdevs-custom-animation-no e-con e-parent\" data-id=\"4f662ff\" data-element_type=\"container\" data-settings=\"{&quot;animation_on&quot;:&quot;no&quot;}\" data-core-v316-plus=\"true\">\n\t\t\t\t\t<div class=\"e-con-inner\">\n\t\t<div class=\"elementor-element elementor-element-475490c e-flex e-con-boxed rrdevs-custom-animation-no e-con e-child\" data-id=\"475490c\" data-element_type=\"container\" data-settings=\"{&quot;animation_on&quot;:&quot;no&quot;}\">\n\t\t\t\t\t<div class=\"e-con-inner\">\n\t\t<div class=\"elementor-element elementor-element-3c0be82 e-con-full e-flex rrdevs-custom-animation-no e-con e-child\" data-id=\"3c0be82\" data-element_type=\"container\" data-settings=\"{&quot;animation_on&quot;:&quot;no&quot;}\">\n\t\t\t\t<\/div>\n\t\t<div class=\"elementor-element elementor-element-d5416b3 e-con-full e-flex rrdevs-custom-animation-no e-con e-child\" data-id=\"d5416b3\" data-element_type=\"container\" data-settings=\"{&quot;animation_on&quot;:&quot;no&quot;}\">\n\t\t\t\t<div class=\"elementor-element elementor-element-cda5c8d RRdevs-addons-sticky-no elementor-widget elementor-widget-image\" data-id=\"cda5c8d\" data-element_type=\"widget\" data-settings=\"{&quot;rrdevs_sticky&quot;:&quot;no&quot;}\" data-widget_type=\"image.default\">\n\t\t\t\t<div class=\"elementor-widget-container\">\n\t\t\t\t\t\t\t\t\t\t\t\t\t<img loading=\"lazy\" decoding=\"async\" width=\"1024\" height=\"1024\" src=\"https:\/\/adn-innenausbau.net\/wp-content\/uploads\/2024\/01\/Untitled-design-1024x1024.png\" class=\"attachment-large size-large wp-image-7118\" alt=\"\" srcset=\"https:\/\/adn-innenausbau.net\/wp-content\/uploads\/2024\/01\/Untitled-design-1024x1024.png 1024w, https:\/\/adn-innenausbau.net\/wp-content\/uploads\/2024\/01\/Untitled-design-300x300.png 300w, https:\/\/adn-innenausbau.net\/wp-content\/uploads\/2024\/01\/Untitled-design-150x150.png 150w, https:\/\/adn-innenausbau.net\/wp-content\/uploads\/2024\/01\/Untitled-design-768x768.png 768w, https:\/\/adn-innenausbau.net\/wp-content\/uploads\/2024\/01\/Untitled-design.png 1080w\" sizes=\"(max-width: 1024px) 100vw, 1024px\" \/>\t\t\t\t\t\t\t\t\t\t\t\t\t<\/div>\n\t\t\t\t<\/div>\n\t\t\t\t<\/div>\n\t\t<div class=\"elementor-element elementor-element-3244ea5 e-con-full e-flex rrdevs-custom-animation-no e-con e-child\" data-id=\"3244ea5\" data-element_type=\"container\" data-settings=\"{&quot;animation_on&quot;:&quot;no&quot;}\">\n\t\t\t\t<div class=\"elementor-element elementor-element-bbb5808 RRdevs-addons-sticky-no elementor-widget elementor-widget-image\" data-id=\"bbb5808\" data-element_type=\"widget\" data-settings=\"{&quot;rrdevs_sticky&quot;:&quot;no&quot;}\" data-widget_type=\"image.default\">\n\t\t\t\t<div class=\"elementor-widget-container\">\n\t\t\t\t\t\t\t\t\t\t\t\t\t<img loading=\"lazy\" decoding=\"async\" width=\"1024\" height=\"768\" src=\"https:\/\/adn-innenausbau.net\/wp-content\/uploads\/2024\/01\/WhatsApp-Image-2023-12-16-at-10.46.16-AM-6-1024x768.jpeg\" class=\"attachment-large size-large wp-image-7102\" alt=\"\" srcset=\"https:\/\/adn-innenausbau.net\/wp-content\/uploads\/2024\/01\/WhatsApp-Image-2023-12-16-at-10.46.16-AM-6-1024x768.jpeg 1024w, https:\/\/adn-innenausbau.net\/wp-content\/uploads\/2024\/01\/WhatsApp-Image-2023-12-16-at-10.46.16-AM-6-300x225.jpeg 300w, https:\/\/adn-innenausbau.net\/wp-content\/uploads\/2024\/01\/WhatsApp-Image-2023-12-16-at-10.46.16-AM-6-768x576.jpeg 768w, https:\/\/adn-innenausbau.net\/wp-content\/uploads\/2024\/01\/WhatsApp-Image-2023-12-16-at-10.46.16-AM-6-1536x1152.jpeg 1536w, https:\/\/adn-innenausbau.net\/wp-content\/uploads\/2024\/01\/WhatsApp-Image-2023-12-16-at-10.46.16-AM-6.jpeg 1600w\" sizes=\"(max-width: 1024px) 100vw, 1024px\" \/>\t\t\t\t\t\t\t\t\t\t\t\t\t<\/div>\n\t\t\t\t<\/div>\n\t\t\t\t<\/div>\n\t\t\t\t\t<\/div>\n\t\t\t\t<\/div>\n\t\t\t\t\t<\/div>\n\t\t\t\t<\/div>\n\t\t\t\t<\/div>\n\t\t","protected":false},"excerpt":{"rendered":"<p>Trockenbau Home Ob Sie Ihr Zuhause versch\u00f6nern m\u00f6chten oder einen gewerblichen Raum renovieren m\u00f6chten, bei uns sind Sie genau richtig. Wir bieten Ihnen eine umfassende Beratung und Planung, damit Ihr Vorhaben optimal umgesetzt werden kann.<\/p>\n","protected":false},"author":1,"featured_media":0,"parent":0,"menu_order":0,"comment_status":"closed","ping_status":"closed","template":"elementor_header_footer","meta":{"inline_featured_image":false,"footnotes":""},"class_list":["post-2294","page","type-page","status-publish","hentry"],"acf":[],"_links":{"self":[{"href":"https:\/\/adn-innenausbau.net\/index.php\/wp-json\/wp\/v2\/pages\/2294","targetHints":{"allow":["GET"]}}],"collection":[{"href":"https:\/\/adn-innenausbau.net\/index.php\/wp-json\/wp\/v2\/pages"}],"about":[{"href":"https:\/\/adn-innenausbau.net\/index.php\/wp-json\/wp\/v2\/types\/page"}],"author":[{"embeddable":true,"href":"https:\/\/adn-innenausbau.net\/index.php\/wp-json\/wp\/v2\/users\/1"}],"replies":[{"embeddable":true,"href":"https:\/\/adn-innenausbau.net\/index.php\/wp-json\/wp\/v2\/comments?post=2294"}],"version-history":[{"count":12,"href":"https:\/\/adn-innenausbau.net\/index.php\/wp-json\/wp\/v2\/pages\/2294\/revisions"}],"predecessor-version":[{"id":7245,"href":"https:\/\/adn-innenausbau.net\/index.php\/wp-json\/wp\/v2\/pages\/2294\/revisions\/7245"}],"wp:attachment":[{"href":"https:\/\/adn-innenausbau.net\/index.php\/wp-json\/wp\/v2\/media?parent=2294"}],"curies":[{"name":"wp","href":"https:\/\/api.w.org\/{rel}","templated":true}]}}