{"id":22,"date":"2022-03-20T18:46:38","date_gmt":"2022-03-20T18:46:38","guid":{"rendered":"https:\/\/rrdevs.net\/demos\/wp\/busico\/?page_id=22"},"modified":"2024-01-22T15:25:12","modified_gmt":"2024-01-22T15:25:12","slug":"about","status":"publish","type":"page","link":"https:\/\/adn-innenausbau.net\/index.php\/about\/","title":{"rendered":"About"},"content":{"rendered":"\t\t<div data-elementor-type=\"wp-page\" data-elementor-id=\"22\" class=\"elementor elementor-22\">\n\t\t\t\t\t\t<section class=\"elementor-section elementor-top-section elementor-element elementor-element-100b5b2 elementor-section-boxed elementor-section-height-default elementor-section-height-default rrdevs-custom-animation-no RRdevs-addons-sticky-no\" data-id=\"100b5b2\" data-element_type=\"section\" data-settings=\"{&quot;background_background&quot;:&quot;classic&quot;,&quot;animation_on&quot;:&quot;no&quot;,&quot;rrdevs_sticky&quot;:&quot;no&quot;}\">\n\t\t\t\t\t\t<div class=\"elementor-container elementor-column-gap-default\">\n\t\t\t\t\t<div class=\"elementor-column elementor-col-100 elementor-top-column elementor-element elementor-element-2393271\" data-id=\"2393271\" data-element_type=\"column\">\n\t\t\t<div class=\"elementor-widget-wrap elementor-element-populated\">\n\t\t\t\t\t\t<div class=\"elementor-element elementor-element-6a25a6b RRdevs-addons-sticky-no elementor-widget elementor-widget-rrdevs-title\" data-id=\"6a25a6b\" data-element_type=\"widget\" data-settings=\"{&quot;rrdevs_sticky&quot;:&quot;no&quot;}\" data-widget_type=\"rrdevs-title.default\">\n\t\t\t\t<div class=\"elementor-widget-container\">\n\t\t\t<h2 class=\"rrdevs-addons-title show-line-no\">About<\/h2>\t\t<\/div>\n\t\t\t\t<\/div>\n\t\t\t\t<div class=\"elementor-element elementor-element-cdbd7f0 RRdevs-addons-sticky-no elementor-widget elementor-widget-rrdevs-breadcrumb\" data-id=\"cdbd7f0\" data-element_type=\"widget\" data-settings=\"{&quot;rrdevs_sticky&quot;:&quot;no&quot;}\" data-widget_type=\"rrdevs-breadcrumb.default\">\n\t\t\t\t<div class=\"elementor-widget-container\">\n\t\t\t<ul class=\"rrdevs-breadcrumbs\"><li class=\"rrdevs-breadcrumbs-item rrdevs-breadcrumbs-start\"><a href=\"https:\/\/adn-innenausbau.net\/\" rel=\"home\"><span class=\"rrdevs-breadcrumbs-text\">Home<\/span><\/a><\/li><\/ul>\t\t<\/div>\n\t\t\t\t<\/div>\n\t\t\t\t\t<\/div>\n\t\t<\/div>\n\t\t\t\t\t<\/div>\n\t\t<\/section>\n\t\t\t\t<section class=\"elementor-section elementor-top-section elementor-element elementor-element-d10680f elementor-section-boxed elementor-section-height-default elementor-section-height-default rrdevs-custom-animation-no RRdevs-addons-sticky-no\" data-id=\"d10680f\" data-element_type=\"section\" data-settings=\"{&quot;animation_on&quot;:&quot;no&quot;,&quot;rrdevs_sticky&quot;:&quot;no&quot;}\">\n\t\t\t\t\t\t<div class=\"elementor-container elementor-column-gap-default\">\n\t\t\t\t\t<div class=\"elementor-column elementor-col-50 elementor-top-column elementor-element elementor-element-051f983\" data-id=\"051f983\" data-element_type=\"column\" data-settings=\"{&quot;background_background&quot;:&quot;classic&quot;}\">\n\t\t\t<div class=\"elementor-widget-wrap elementor-element-populated\">\n\t\t\t\t\t\t<div class=\"elementor-element elementor-element-c6ceedc RRdevs-addons-sticky-no elementor-widget elementor-widget-image\" data-id=\"c6ceedc\" data-element_type=\"widget\" data-settings=\"{&quot;rrdevs_sticky&quot;:&quot;no&quot;}\" data-widget_type=\"image.default\">\n\t\t\t\t<div class=\"elementor-widget-container\">\n\t\t\t<style>\/*! elementor - v3.20.0 - 20-03-2024 *\/\n.elementor-widget-image{text-align:center}.elementor-widget-image a{display:inline-block}.elementor-widget-image a img[src$=\".svg\"]{width:48px}.elementor-widget-image img{vertical-align:middle;display:inline-block}<\/style>\t\t\t\t\t\t\t\t\t\t<img fetchpriority=\"high\" decoding=\"async\" width=\"768\" height=\"1024\" src=\"https:\/\/adn-innenausbau.net\/wp-content\/uploads\/2024\/01\/WhatsApp-Image-2023-12-16-at-10.46.17-AM-768x1024.jpeg\" class=\"attachment-large size-large wp-image-7101\" alt=\"\" srcset=\"https:\/\/adn-innenausbau.net\/wp-content\/uploads\/2024\/01\/WhatsApp-Image-2023-12-16-at-10.46.17-AM-768x1024.jpeg 768w, https:\/\/adn-innenausbau.net\/wp-content\/uploads\/2024\/01\/WhatsApp-Image-2023-12-16-at-10.46.17-AM-225x300.jpeg 225w, https:\/\/adn-innenausbau.net\/wp-content\/uploads\/2024\/01\/WhatsApp-Image-2023-12-16-at-10.46.17-AM-1152x1536.jpeg 1152w, https:\/\/adn-innenausbau.net\/wp-content\/uploads\/2024\/01\/WhatsApp-Image-2023-12-16-at-10.46.17-AM.jpeg 1200w\" sizes=\"(max-width: 768px) 100vw, 768px\" \/>\t\t\t\t\t\t\t\t\t\t\t\t\t<\/div>\n\t\t\t\t<\/div>\n\t\t\t\t<div class=\"elementor-element elementor-element-e264250 elementor-widget__width-auto RRdevs-addons-sticky-no elementor-widget elementor-widget-rrdevs-icon-box\" data-id=\"e264250\" data-element_type=\"widget\" data-settings=\"{&quot;rrdevs_sticky&quot;:&quot;no&quot;}\" data-widget_type=\"rrdevs-icon-box.default\">\n\t\t\t\t<div class=\"elementor-widget-container\">\n\t\t\t\t\t\t<!-- box link  -->\n\t\t\t\t\t\t<!-- box link  -->\n\t\t<div class=\"rrdevs-addons-feature-box-item rrdevs-addons-feature-icon-center rrdevs-addons-icon-position-top\">\n\t\t\t\t\t\t<div class=\"rrdevs-addons-feature-icon-wrap icon-background-no align-items-top\">\n\t\t\t\t<span class=\"rrdevs-addons-feature-icon icon-type-image\">\n\t\t\t\t\t<img decoding=\"async\" src=\"https:\/\/adn-innenausbau.net\/wp-content\/uploads\/2024\/01\/WhatsApp-Image-2024-01-05-at-6.08.08-PM-2.jpeg\" title=\"WhatsApp Image 2024-01-05 at 6.08.08 PM (2)\" alt=\"WhatsApp Image 2024-01-05 at 6.08.08 PM (2)\" loading=\"lazy\" \/>\t\t\t\t<\/span>\n\t\t\t<\/div>\n\t\t\t\t\t\t<div class=\"rrdevs-addons-feature-content-wrap\">\n\t\t\t\t<div class=\"rrdevs-addons-feature-content\">\n\t\t\t\t\t\t\t\t\t\t\t\t\t\t\t\t\t\t\t<\/div>\n\t\t\t\t\t\t\t<\/div>\n\t\t<\/div>\n\t\t<!-- box link  -->\n\t\t\t\t\t<!-- box link  -->\n\t\t<\/div>\n\t\t\t\t<\/div>\n\t\t\t\t\t<\/div>\n\t\t<\/div>\n\t\t\t\t<div class=\"elementor-column elementor-col-50 elementor-top-column elementor-element elementor-element-09592d1\" data-id=\"09592d1\" data-element_type=\"column\">\n\t\t\t<div class=\"elementor-widget-wrap elementor-element-populated\">\n\t\t\t\t\t\t<div class=\"elementor-element elementor-element-9505cf2 RRdevs-addons-sticky-no elementor-widget elementor-widget-heading\" data-id=\"9505cf2\" data-element_type=\"widget\" data-settings=\"{&quot;rrdevs_sticky&quot;:&quot;no&quot;}\" data-widget_type=\"heading.default\">\n\t\t\t\t<div class=\"elementor-widget-container\">\n\t\t\t<style>\/*! elementor - v3.20.0 - 20-03-2024 *\/\n.elementor-heading-title{padding:0;margin:0;line-height:1}.elementor-widget-heading .elementor-heading-title[class*=elementor-size-]>a{color:inherit;font-size:inherit;line-height:inherit}.elementor-widget-heading .elementor-heading-title.elementor-size-small{font-size:15px}.elementor-widget-heading .elementor-heading-title.elementor-size-medium{font-size:19px}.elementor-widget-heading .elementor-heading-title.elementor-size-large{font-size:29px}.elementor-widget-heading .elementor-heading-title.elementor-size-xl{font-size:39px}.elementor-widget-heading .elementor-heading-title.elementor-size-xxl{font-size:59px}<\/style><h5 class=\"elementor-heading-title elementor-size-default\">ABOUT COMPANY\n<\/h5>\t\t<\/div>\n\t\t\t\t<\/div>\n\t\t\t\t<div class=\"elementor-element elementor-element-c913eca RRdevs-addons-sticky-no elementor-widget elementor-widget-heading\" data-id=\"c913eca\" data-element_type=\"widget\" data-settings=\"{&quot;rrdevs_sticky&quot;:&quot;no&quot;}\" data-widget_type=\"heading.default\">\n\t\t\t\t<div class=\"elementor-widget-container\">\n\t\t\t<h2 class=\"elementor-heading-title elementor-size-default\">IInnenausbau, Sanierung und Renovierung aus einer Hand\n<\/h2>\t\t<\/div>\n\t\t\t\t<\/div>\n\t\t\t\t<div class=\"elementor-element elementor-element-5e35d20 RRdevs-addons-sticky-no elementor-widget elementor-widget-heading\" data-id=\"5e35d20\" data-element_type=\"widget\" data-settings=\"{&quot;rrdevs_sticky&quot;:&quot;no&quot;}\" data-widget_type=\"heading.default\">\n\t\t\t\t<div class=\"elementor-widget-container\">\n\t\t\t<h4 class=\"elementor-heading-title elementor-size-default\">Ob Sie Ihr Zuhause versch\u00f6nern m\u00f6chten oder einen gewerblichen Raum renovieren m\u00f6chten, bei uns sind Sie genau richtig. Wir bieten Ihnen eine umfassende Beratung und Planung, damit Ihr Vorhaben optimal umgesetzt werden kann.\n\n <\/h4>\t\t<\/div>\n\t\t\t\t<\/div>\n\t\t\t\t<div class=\"elementor-element elementor-element-a052bbf RRdevs-addons-sticky-no elementor-widget elementor-widget-text-editor\" data-id=\"a052bbf\" data-element_type=\"widget\" data-settings=\"{&quot;rrdevs_sticky&quot;:&quot;no&quot;}\" data-widget_type=\"text-editor.default\">\n\t\t\t\t<div class=\"elementor-widget-container\">\n\t\t\t<style>\/*! elementor - v3.20.0 - 20-03-2024 *\/\n.elementor-widget-text-editor.elementor-drop-cap-view-stacked .elementor-drop-cap{background-color:#69727d;color:#fff}.elementor-widget-text-editor.elementor-drop-cap-view-framed .elementor-drop-cap{color:#69727d;border:3px solid;background-color:transparent}.elementor-widget-text-editor:not(.elementor-drop-cap-view-default) .elementor-drop-cap{margin-top:8px}.elementor-widget-text-editor:not(.elementor-drop-cap-view-default) .elementor-drop-cap-letter{width:1em;height:1em}.elementor-widget-text-editor .elementor-drop-cap{float:left;text-align:center;line-height:1;font-size:50px}.elementor-widget-text-editor .elementor-drop-cap-letter{display:inline-block}<\/style>\t\t\t\t<p>Unser erfahrenes Team arbeitet mit h\u00f6chster Pr\u00e4zision und Sorgfalt, um Ihnen ein perfektes Ergebnis zu liefern. Wir legen gro\u00dfen Wert auf Qualit\u00e4t und verwenden nur hochwertige Materialien, um Ihnen eine langlebige und ansprechende L\u00f6sung zu bieten.<\/p>\t\t\t\t\t\t<\/div>\n\t\t\t\t<\/div>\n\t\t\t\t\t<\/div>\n\t\t<\/div>\n\t\t\t\t\t<\/div>\n\t\t<\/section>\n\t\t<div class=\"elementor-element elementor-element-3aeecac e-flex e-con-boxed rrdevs-custom-animation-no e-con e-parent\" data-id=\"3aeecac\" data-element_type=\"container\" data-settings=\"{&quot;animation_on&quot;:&quot;no&quot;}\" data-core-v316-plus=\"true\">\n\t\t\t\t\t<div class=\"e-con-inner\">\n\t\t<div class=\"elementor-element elementor-element-f866cac e-flex e-con-boxed rrdevs-custom-animation-no e-con e-child\" data-id=\"f866cac\" data-element_type=\"container\" data-settings=\"{&quot;animation_on&quot;:&quot;no&quot;}\">\n\t\t\t\t\t<div class=\"e-con-inner\">\n\t\t\t\t<div class=\"elementor-element elementor-element-58d13f1 elementor-arrows-position-outside RRdevs-addons-sticky-no elementor-widget elementor-widget-image-carousel\" data-id=\"58d13f1\" data-element_type=\"widget\" data-settings=\"{&quot;slides_to_show&quot;:&quot;4&quot;,&quot;navigation&quot;:&quot;arrows&quot;,&quot;autoplay&quot;:&quot;yes&quot;,&quot;pause_on_hover&quot;:&quot;yes&quot;,&quot;pause_on_interaction&quot;:&quot;yes&quot;,&quot;autoplay_speed&quot;:5000,&quot;infinite&quot;:&quot;yes&quot;,&quot;speed&quot;:500,&quot;image_spacing_custom&quot;:{&quot;unit&quot;:&quot;px&quot;,&quot;size&quot;:20,&quot;sizes&quot;:[]},&quot;image_spacing_custom_tablet&quot;:{&quot;unit&quot;:&quot;px&quot;,&quot;size&quot;:&quot;&quot;,&quot;sizes&quot;:[]},&quot;image_spacing_custom_mobile&quot;:{&quot;unit&quot;:&quot;px&quot;,&quot;size&quot;:&quot;&quot;,&quot;sizes&quot;:[]},&quot;rrdevs_sticky&quot;:&quot;no&quot;}\" data-widget_type=\"image-carousel.default\">\n\t\t\t\t<div class=\"elementor-widget-container\">\n\t\t\t<style>\/*! elementor - v3.20.0 - 20-03-2024 *\/\n.elementor-widget-image-carousel .swiper,.elementor-widget-image-carousel .swiper-container{position:static}.elementor-widget-image-carousel .swiper-container .swiper-slide figure,.elementor-widget-image-carousel .swiper .swiper-slide figure{line-height:inherit}.elementor-widget-image-carousel .swiper-slide{text-align:center}.elementor-image-carousel-wrapper:not(.swiper-container-initialized):not(.swiper-initialized) .swiper-slide{max-width:calc(100% \/ var(--e-image-carousel-slides-to-show, 3))}<\/style>\t\t<div class=\"elementor-image-carousel-wrapper swiper\" dir=\"ltr\">\n\t\t\t<div class=\"elementor-image-carousel swiper-wrapper\" aria-live=\"off\">\n\t\t\t\t\t\t\t\t<div class=\"swiper-slide\" role=\"group\" aria-roledescription=\"slide\" aria-label=\"1 of 5\"><figure class=\"swiper-slide-inner\"><img decoding=\"async\" class=\"swiper-slide-image\" src=\"https:\/\/adn-innenausbau.net\/wp-content\/uploads\/2024\/01\/WhatsApp-Image-2024-01-05-at-6.08.08-PM-2-1024x768.jpeg\" alt=\"WhatsApp Image 2024-01-05 at 6.08.08 PM (2)\" \/><\/figure><\/div><div class=\"swiper-slide\" role=\"group\" aria-roledescription=\"slide\" aria-label=\"2 of 5\"><figure class=\"swiper-slide-inner\"><img decoding=\"async\" class=\"swiper-slide-image\" src=\"https:\/\/adn-innenausbau.net\/wp-content\/uploads\/2024\/01\/WhatsApp-Image-2023-12-16-at-10.46.16-AM-3-1024x768.jpeg\" alt=\"WhatsApp Image 2023-12-16 at 10.46.16 AM (3)\" \/><\/figure><\/div><div class=\"swiper-slide\" role=\"group\" aria-roledescription=\"slide\" aria-label=\"3 of 5\"><figure class=\"swiper-slide-inner\"><img decoding=\"async\" class=\"swiper-slide-image\" src=\"https:\/\/adn-innenausbau.net\/wp-content\/uploads\/2024\/01\/WhatsApp-Image-2024-01-05-at-6.08.08-PM-1-1024x768.jpeg\" alt=\"WhatsApp Image 2024-01-05 at 6.08.08 PM (1)\" \/><\/figure><\/div><div class=\"swiper-slide\" role=\"group\" aria-roledescription=\"slide\" aria-label=\"4 of 5\"><figure class=\"swiper-slide-inner\"><img decoding=\"async\" class=\"swiper-slide-image\" src=\"https:\/\/adn-innenausbau.net\/wp-content\/uploads\/2024\/01\/WhatsApp-Image-2023-12-16-at-10.46.16-AM-6-1024x768.jpeg\" alt=\"WhatsApp Image 2023-12-16 at 10.46.16 AM (6)\" \/><\/figure><\/div><div class=\"swiper-slide\" role=\"group\" aria-roledescription=\"slide\" aria-label=\"5 of 5\"><figure class=\"swiper-slide-inner\"><img decoding=\"async\" class=\"swiper-slide-image\" src=\"https:\/\/adn-innenausbau.net\/wp-content\/uploads\/2024\/01\/WhatsApp-Image-2023-12-16-at-10.46.16-AM-5-1024x768.jpeg\" alt=\"WhatsApp Image 2023-12-16 at 10.46.16 AM (5)\" \/><\/figure><\/div>\t\t\t<\/div>\n\t\t\t\t\t\t\t\t\t\t\t\t<div class=\"elementor-swiper-button elementor-swiper-button-prev\" role=\"button\" tabindex=\"0\">\n\t\t\t\t\t\t<svg aria-hidden=\"true\" class=\"e-font-icon-svg e-eicon-chevron-left\" viewBox=\"0 0 1000 1000\" xmlns=\"http:\/\/www.w3.org\/2000\/svg\"><path d=\"M646 125C629 125 613 133 604 142L308 442C296 454 292 471 292 487 292 504 296 521 308 533L604 854C617 867 629 875 646 875 663 875 679 871 692 858 704 846 713 829 713 812 713 796 708 779 692 767L438 487 692 225C700 217 708 204 708 187 708 171 704 154 692 142 675 129 663 125 646 125Z\"><\/path><\/svg>\t\t\t\t\t<\/div>\n\t\t\t\t\t<div class=\"elementor-swiper-button elementor-swiper-button-next\" role=\"button\" tabindex=\"0\">\n\t\t\t\t\t\t<svg aria-hidden=\"true\" class=\"e-font-icon-svg e-eicon-chevron-right\" viewBox=\"0 0 1000 1000\" xmlns=\"http:\/\/www.w3.org\/2000\/svg\"><path d=\"M696 533C708 521 713 504 713 487 713 471 708 454 696 446L400 146C388 133 375 125 354 125 338 125 325 129 313 142 300 154 292 171 292 187 292 204 296 221 308 233L563 492 304 771C292 783 288 800 288 817 288 833 296 850 308 863 321 871 338 875 354 875 371 875 388 867 400 854L696 533Z\"><\/path><\/svg>\t\t\t\t\t<\/div>\n\t\t\t\t\n\t\t\t\t\t\t\t\t\t<\/div>\n\t\t\t\t<\/div>\n\t\t\t\t<\/div>\n\t\t\t\t\t<\/div>\n\t\t\t\t<\/div>\n\t\t\t\t\t<\/div>\n\t\t\t\t<\/div>\n\t\t<div class=\"elementor-element elementor-element-c1d5bf8 e-flex e-con-boxed rrdevs-custom-animation-no e-con e-parent\" data-id=\"c1d5bf8\" data-element_type=\"container\" data-settings=\"{&quot;animation_on&quot;:&quot;no&quot;}\" data-core-v316-plus=\"true\">\n\t\t\t\t\t<div class=\"e-con-inner\">\n\t\t<div class=\"elementor-element elementor-element-fef2842 e-flex e-con-boxed rrdevs-custom-animation-no e-con e-child\" data-id=\"fef2842\" data-element_type=\"container\" data-settings=\"{&quot;animation_on&quot;:&quot;no&quot;}\">\n\t\t\t\t\t<div class=\"e-con-inner\">\n\t\t\t\t\t<\/div>\n\t\t\t\t<\/div>\n\t\t\t\t\t<\/div>\n\t\t\t\t<\/div>\n\t\t\t\t<\/div>\n\t\t","protected":false},"excerpt":{"rendered":"<p>About Home ABOUT COMPANY IInnenausbau, Sanierung und Renovierung aus einer Hand Ob Sie Ihr Zuhause versch\u00f6nern m\u00f6chten oder einen gewerblichen Raum renovieren m\u00f6chten, bei uns sind Sie genau richtig. Wir bieten Ihnen eine umfassende Beratung und Planung, damit Ihr Vorhaben optimal umgesetzt werden kann. Unser erfahrenes Team arbeitet mit h\u00f6chster Pr\u00e4zision und Sorgfalt, um Ihnen [&hellip;]<\/p>\n","protected":false},"author":1,"featured_media":0,"parent":0,"menu_order":0,"comment_status":"closed","ping_status":"closed","template":"elementor_header_footer","meta":{"inline_featured_image":false,"footnotes":""},"class_list":["post-22","page","type-page","status-publish","hentry"],"acf":[],"_links":{"self":[{"href":"https:\/\/adn-innenausbau.net\/index.php\/wp-json\/wp\/v2\/pages\/22","targetHints":{"allow":["GET"]}}],"collection":[{"href":"https:\/\/adn-innenausbau.net\/index.php\/wp-json\/wp\/v2\/pages"}],"about":[{"href":"https:\/\/adn-innenausbau.net\/index.php\/wp-json\/wp\/v2\/types\/page"}],"author":[{"embeddable":true,"href":"https:\/\/adn-innenausbau.net\/index.php\/wp-json\/wp\/v2\/users\/1"}],"replies":[{"embeddable":true,"href":"https:\/\/adn-innenausbau.net\/index.php\/wp-json\/wp\/v2\/comments?post=22"}],"version-history":[{"count":22,"href":"https:\/\/adn-innenausbau.net\/index.php\/wp-json\/wp\/v2\/pages\/22\/revisions"}],"predecessor-version":[{"id":7248,"href":"https:\/\/adn-innenausbau.net\/index.php\/wp-json\/wp\/v2\/pages\/22\/revisions\/7248"}],"wp:attachment":[{"href":"https:\/\/adn-innenausbau.net\/index.php\/wp-json\/wp\/v2\/media?parent=22"}],"curies":[{"name":"wp","href":"https:\/\/api.w.org\/{rel}","templated":true}]}}