{"id":1338,"date":"2022-04-01T03:54:06","date_gmt":"2022-04-01T03:54:06","guid":{"rendered":"https:\/\/rrdevs.net\/demos\/wp\/busico\/?page_id=1338"},"modified":"2024-01-22T15:25:32","modified_gmt":"2024-01-22T15:25:32","slug":"pricing-01","status":"publish","type":"page","link":"https:\/\/adn-innenausbau.net\/index.php\/pricing-01\/","title":{"rendered":"Bautenschutz"},"content":{"rendered":"\t\t<div data-elementor-type=\"wp-page\" data-elementor-id=\"1338\" class=\"elementor elementor-1338\">\n\t\t\t\t\t\t<section class=\"elementor-section elementor-top-section elementor-element elementor-element-8310d2c elementor-section-boxed elementor-section-height-default elementor-section-height-default rrdevs-custom-animation-no RRdevs-addons-sticky-no\" data-id=\"8310d2c\" data-element_type=\"section\" data-settings=\"{&quot;background_background&quot;:&quot;classic&quot;,&quot;animation_on&quot;:&quot;no&quot;,&quot;rrdevs_sticky&quot;:&quot;no&quot;}\">\n\t\t\t\t\t\t<div class=\"elementor-container elementor-column-gap-default\">\n\t\t\t\t\t<div class=\"elementor-column elementor-col-100 elementor-top-column elementor-element elementor-element-e7ac7db\" data-id=\"e7ac7db\" data-element_type=\"column\">\n\t\t\t<div class=\"elementor-widget-wrap elementor-element-populated\">\n\t\t\t\t\t\t<div class=\"elementor-element elementor-element-d6d9ad6 RRdevs-addons-sticky-no elementor-widget elementor-widget-rrdevs-title\" data-id=\"d6d9ad6\" data-element_type=\"widget\" data-settings=\"{&quot;rrdevs_sticky&quot;:&quot;no&quot;}\" data-widget_type=\"rrdevs-title.default\">\n\t\t\t\t<div class=\"elementor-widget-container\">\n\t\t\t<h2 class=\"rrdevs-addons-title show-line-no\">Bautenschutz<\/h2>\t\t<\/div>\n\t\t\t\t<\/div>\n\t\t\t\t<div class=\"elementor-element elementor-element-de6859d RRdevs-addons-sticky-no elementor-widget elementor-widget-rrdevs-breadcrumb\" data-id=\"de6859d\" data-element_type=\"widget\" data-settings=\"{&quot;rrdevs_sticky&quot;:&quot;no&quot;}\" data-widget_type=\"rrdevs-breadcrumb.default\">\n\t\t\t\t<div class=\"elementor-widget-container\">\n\t\t\t<ul class=\"rrdevs-breadcrumbs\"><li class=\"rrdevs-breadcrumbs-item rrdevs-breadcrumbs-start\"><a href=\"https:\/\/adn-innenausbau.net\/\" rel=\"home\"><span class=\"rrdevs-breadcrumbs-text\">Home<\/span><\/a><\/li><\/ul>\t\t<\/div>\n\t\t\t\t<\/div>\n\t\t\t\t\t<\/div>\n\t\t<\/div>\n\t\t\t\t\t<\/div>\n\t\t<\/section>\n\t\t<div class=\"elementor-element elementor-element-f6ec570 e-flex e-con-boxed rrdevs-custom-animation-no e-con e-parent\" data-id=\"f6ec570\" data-element_type=\"container\" data-settings=\"{&quot;animation_on&quot;:&quot;no&quot;}\" data-core-v316-plus=\"true\">\n\t\t\t\t\t<div class=\"e-con-inner\">\n\t\t<div class=\"elementor-element elementor-element-a3348ea e-flex e-con-boxed rrdevs-custom-animation-no e-con e-child\" data-id=\"a3348ea\" data-element_type=\"container\" data-settings=\"{&quot;animation_on&quot;:&quot;no&quot;}\">\n\t\t\t\t\t<div class=\"e-con-inner\">\n\t\t\t\t\t<\/div>\n\t\t\t\t<\/div>\n\t\t\t\t\t<\/div>\n\t\t\t\t<\/div>\n\t\t<div class=\"elementor-element elementor-element-250ccce e-flex e-con-boxed rrdevs-custom-animation-no e-con e-parent\" data-id=\"250ccce\" data-element_type=\"container\" data-settings=\"{&quot;animation_on&quot;:&quot;no&quot;}\" data-core-v316-plus=\"true\">\n\t\t\t\t\t<div class=\"e-con-inner\">\n\t\t\t\t<div class=\"elementor-element elementor-element-f2bbb1d RRdevs-addons-sticky-no elementor-widget elementor-widget-text-editor\" data-id=\"f2bbb1d\" data-element_type=\"widget\" data-settings=\"{&quot;rrdevs_sticky&quot;:&quot;no&quot;}\" data-widget_type=\"text-editor.default\">\n\t\t\t\t<div class=\"elementor-widget-container\">\n\t\t\t<style>\/*! elementor - v3.20.0 - 20-03-2024 *\/\n.elementor-widget-text-editor.elementor-drop-cap-view-stacked .elementor-drop-cap{background-color:#69727d;color:#fff}.elementor-widget-text-editor.elementor-drop-cap-view-framed .elementor-drop-cap{color:#69727d;border:3px solid;background-color:transparent}.elementor-widget-text-editor:not(.elementor-drop-cap-view-default) .elementor-drop-cap{margin-top:8px}.elementor-widget-text-editor:not(.elementor-drop-cap-view-default) .elementor-drop-cap-letter{width:1em;height:1em}.elementor-widget-text-editor .elementor-drop-cap{float:left;text-align:center;line-height:1;font-size:50px}.elementor-widget-text-editor .elementor-drop-cap-letter{display:inline-block}<\/style>\t\t\t\t<p>Ob Sie Ihr Zuhause versch\u00f6nern m\u00f6chten oder einen gewerblichen Raum renovieren m\u00f6chten, bei uns sind Sie genau richtig. Wir bieten Ihnen eine umfassende Beratung und Planung, damit Ihr Vorhaben optimal umgesetzt werden kann.<\/p>\t\t\t\t\t\t<\/div>\n\t\t\t\t<\/div>\n\t\t\t\t\t<\/div>\n\t\t\t\t<\/div>\n\t\t<div class=\"elementor-element elementor-element-3ace96d e-flex e-con-boxed rrdevs-custom-animation-no e-con e-parent\" data-id=\"3ace96d\" data-element_type=\"container\" data-settings=\"{&quot;animation_on&quot;:&quot;no&quot;}\" data-core-v316-plus=\"true\">\n\t\t\t\t\t<div class=\"e-con-inner\">\n\t\t<div class=\"elementor-element elementor-element-4254d13 e-flex e-con-boxed rrdevs-custom-animation-no e-con e-child\" data-id=\"4254d13\" data-element_type=\"container\" data-settings=\"{&quot;animation_on&quot;:&quot;no&quot;}\">\n\t\t\t\t\t<div class=\"e-con-inner\">\n\t\t<div class=\"elementor-element elementor-element-c0997ec e-flex e-con-boxed rrdevs-custom-animation-no e-con e-child\" data-id=\"c0997ec\" data-element_type=\"container\" data-settings=\"{&quot;animation_on&quot;:&quot;no&quot;}\">\n\t\t\t\t\t<div class=\"e-con-inner\">\n\t\t<div class=\"elementor-element elementor-element-49717d9 e-con-full e-flex rrdevs-custom-animation-no e-con e-child\" data-id=\"49717d9\" data-element_type=\"container\" data-settings=\"{&quot;animation_on&quot;:&quot;no&quot;}\">\n\t\t\t\t<div class=\"elementor-element elementor-element-4d0f9f8 RRdevs-addons-sticky-no elementor-widget elementor-widget-image\" data-id=\"4d0f9f8\" data-element_type=\"widget\" data-settings=\"{&quot;rrdevs_sticky&quot;:&quot;no&quot;}\" data-widget_type=\"image.default\">\n\t\t\t\t<div class=\"elementor-widget-container\">\n\t\t\t<style>\/*! elementor - v3.20.0 - 20-03-2024 *\/\n.elementor-widget-image{text-align:center}.elementor-widget-image a{display:inline-block}.elementor-widget-image a img[src$=\".svg\"]{width:48px}.elementor-widget-image img{vertical-align:middle;display:inline-block}<\/style>\t\t\t\t\t\t\t\t\t\t<img fetchpriority=\"high\" decoding=\"async\" width=\"1024\" height=\"768\" src=\"https:\/\/adn-innenausbau.net\/wp-content\/uploads\/2024\/01\/WhatsApp-Image-2024-01-05-at-6.08.08-PM-2-1024x768.jpeg\" class=\"attachment-large size-large wp-image-7098\" alt=\"\" srcset=\"https:\/\/adn-innenausbau.net\/wp-content\/uploads\/2024\/01\/WhatsApp-Image-2024-01-05-at-6.08.08-PM-2-1024x768.jpeg 1024w, https:\/\/adn-innenausbau.net\/wp-content\/uploads\/2024\/01\/WhatsApp-Image-2024-01-05-at-6.08.08-PM-2-300x225.jpeg 300w, https:\/\/adn-innenausbau.net\/wp-content\/uploads\/2024\/01\/WhatsApp-Image-2024-01-05-at-6.08.08-PM-2-768x576.jpeg 768w, https:\/\/adn-innenausbau.net\/wp-content\/uploads\/2024\/01\/WhatsApp-Image-2024-01-05-at-6.08.08-PM-2-1536x1153.jpeg 1536w, https:\/\/adn-innenausbau.net\/wp-content\/uploads\/2024\/01\/WhatsApp-Image-2024-01-05-at-6.08.08-PM-2.jpeg 1599w\" sizes=\"(max-width: 1024px) 100vw, 1024px\" \/>\t\t\t\t\t\t\t\t\t\t\t\t\t<\/div>\n\t\t\t\t<\/div>\n\t\t\t\t<\/div>\n\t\t<div class=\"elementor-element elementor-element-32d5546 e-con-full e-flex rrdevs-custom-animation-no e-con e-child\" data-id=\"32d5546\" data-element_type=\"container\" data-settings=\"{&quot;animation_on&quot;:&quot;no&quot;}\">\n\t\t\t\t<div class=\"elementor-element elementor-element-a3e7b3b RRdevs-addons-sticky-no elementor-widget elementor-widget-image\" data-id=\"a3e7b3b\" data-element_type=\"widget\" data-settings=\"{&quot;rrdevs_sticky&quot;:&quot;no&quot;}\" data-widget_type=\"image.default\">\n\t\t\t\t<div class=\"elementor-widget-container\">\n\t\t\t\t\t\t\t\t\t\t\t\t\t<img decoding=\"async\" width=\"1024\" height=\"1024\" src=\"https:\/\/adn-innenausbau.net\/wp-content\/uploads\/2024\/01\/Untitled-design-2-1024x1024.png\" class=\"attachment-large size-large wp-image-7136\" alt=\"\" srcset=\"https:\/\/adn-innenausbau.net\/wp-content\/uploads\/2024\/01\/Untitled-design-2-1024x1024.png 1024w, https:\/\/adn-innenausbau.net\/wp-content\/uploads\/2024\/01\/Untitled-design-2-300x300.png 300w, https:\/\/adn-innenausbau.net\/wp-content\/uploads\/2024\/01\/Untitled-design-2-150x150.png 150w, https:\/\/adn-innenausbau.net\/wp-content\/uploads\/2024\/01\/Untitled-design-2-768x768.png 768w, https:\/\/adn-innenausbau.net\/wp-content\/uploads\/2024\/01\/Untitled-design-2.png 1080w\" sizes=\"(max-width: 1024px) 100vw, 1024px\" \/>\t\t\t\t\t\t\t\t\t\t\t\t\t<\/div>\n\t\t\t\t<\/div>\n\t\t\t\t<\/div>\n\t\t<div class=\"elementor-element elementor-element-79fc73d e-con-full e-flex rrdevs-custom-animation-no e-con e-child\" data-id=\"79fc73d\" data-element_type=\"container\" data-settings=\"{&quot;animation_on&quot;:&quot;no&quot;}\">\n\t\t\t\t<div class=\"elementor-element elementor-element-97ee669 RRdevs-addons-sticky-no elementor-widget elementor-widget-image\" data-id=\"97ee669\" data-element_type=\"widget\" data-settings=\"{&quot;rrdevs_sticky&quot;:&quot;no&quot;}\" data-widget_type=\"image.default\">\n\t\t\t\t<div class=\"elementor-widget-container\">\n\t\t\t\t\t\t\t\t\t\t\t\t\t<img decoding=\"async\" width=\"1024\" height=\"768\" src=\"https:\/\/adn-innenausbau.net\/wp-content\/uploads\/2024\/01\/WhatsApp-Image-2024-01-05-at-6.08.08-PM-1-1024x768.jpeg\" class=\"attachment-large size-large wp-image-7099\" alt=\"\" srcset=\"https:\/\/adn-innenausbau.net\/wp-content\/uploads\/2024\/01\/WhatsApp-Image-2024-01-05-at-6.08.08-PM-1-1024x768.jpeg 1024w, https:\/\/adn-innenausbau.net\/wp-content\/uploads\/2024\/01\/WhatsApp-Image-2024-01-05-at-6.08.08-PM-1-300x225.jpeg 300w, https:\/\/adn-innenausbau.net\/wp-content\/uploads\/2024\/01\/WhatsApp-Image-2024-01-05-at-6.08.08-PM-1-768x576.jpeg 768w, https:\/\/adn-innenausbau.net\/wp-content\/uploads\/2024\/01\/WhatsApp-Image-2024-01-05-at-6.08.08-PM-1-1536x1153.jpeg 1536w, https:\/\/adn-innenausbau.net\/wp-content\/uploads\/2024\/01\/WhatsApp-Image-2024-01-05-at-6.08.08-PM-1.jpeg 1599w\" sizes=\"(max-width: 1024px) 100vw, 1024px\" \/>\t\t\t\t\t\t\t\t\t\t\t\t\t<\/div>\n\t\t\t\t<\/div>\n\t\t\t\t<\/div>\n\t\t\t\t\t<\/div>\n\t\t\t\t<\/div>\n\t\t\t\t\t<\/div>\n\t\t\t\t<\/div>\n\t\t\t\t\t<\/div>\n\t\t\t\t<\/div>\n\t\t<div class=\"elementor-element elementor-element-9877778 e-flex e-con-boxed rrdevs-custom-animation-no e-con e-parent\" data-id=\"9877778\" data-element_type=\"container\" data-settings=\"{&quot;animation_on&quot;:&quot;no&quot;}\" data-core-v316-plus=\"true\">\n\t\t\t\t\t<div class=\"e-con-inner\">\n\t\t<div class=\"elementor-element elementor-element-b2ee5dc e-flex e-con-boxed rrdevs-custom-animation-no e-con e-child\" data-id=\"b2ee5dc\" data-element_type=\"container\" data-settings=\"{&quot;animation_on&quot;:&quot;no&quot;}\">\n\t\t\t\t\t<div class=\"e-con-inner\">\n\t\t<div class=\"elementor-element elementor-element-654f429 e-flex e-con-boxed rrdevs-custom-animation-no e-con e-child\" data-id=\"654f429\" data-element_type=\"container\" data-settings=\"{&quot;animation_on&quot;:&quot;no&quot;}\">\n\t\t\t\t\t<div class=\"e-con-inner\">\n\t\t<div class=\"elementor-element elementor-element-0e03e7b e-con-full e-flex rrdevs-custom-animation-no e-con e-child\" data-id=\"0e03e7b\" data-element_type=\"container\" data-settings=\"{&quot;animation_on&quot;:&quot;no&quot;}\">\n\t\t\t\t<\/div>\n\t\t<div class=\"elementor-element elementor-element-83ca096 e-con-full e-flex rrdevs-custom-animation-no e-con e-child\" data-id=\"83ca096\" data-element_type=\"container\" data-settings=\"{&quot;animation_on&quot;:&quot;no&quot;}\">\n\t\t\t\t<div class=\"elementor-element elementor-element-f64e769 RRdevs-addons-sticky-no elementor-widget elementor-widget-image\" data-id=\"f64e769\" data-element_type=\"widget\" data-settings=\"{&quot;rrdevs_sticky&quot;:&quot;no&quot;}\" data-widget_type=\"image.default\">\n\t\t\t\t<div class=\"elementor-widget-container\">\n\t\t\t\t\t\t\t\t\t\t\t\t\t<img loading=\"lazy\" decoding=\"async\" width=\"1024\" height=\"1024\" src=\"https:\/\/adn-innenausbau.net\/wp-content\/uploads\/2024\/01\/Untitled-design-1024x1024.png\" class=\"attachment-large size-large wp-image-7118\" alt=\"\" srcset=\"https:\/\/adn-innenausbau.net\/wp-content\/uploads\/2024\/01\/Untitled-design-1024x1024.png 1024w, https:\/\/adn-innenausbau.net\/wp-content\/uploads\/2024\/01\/Untitled-design-300x300.png 300w, https:\/\/adn-innenausbau.net\/wp-content\/uploads\/2024\/01\/Untitled-design-150x150.png 150w, https:\/\/adn-innenausbau.net\/wp-content\/uploads\/2024\/01\/Untitled-design-768x768.png 768w, https:\/\/adn-innenausbau.net\/wp-content\/uploads\/2024\/01\/Untitled-design.png 1080w\" sizes=\"(max-width: 1024px) 100vw, 1024px\" \/>\t\t\t\t\t\t\t\t\t\t\t\t\t<\/div>\n\t\t\t\t<\/div>\n\t\t\t\t<\/div>\n\t\t<div class=\"elementor-element elementor-element-8ce45ff e-con-full e-flex rrdevs-custom-animation-no e-con e-child\" data-id=\"8ce45ff\" data-element_type=\"container\" data-settings=\"{&quot;animation_on&quot;:&quot;no&quot;}\">\n\t\t\t\t<div class=\"elementor-element elementor-element-420e807 RRdevs-addons-sticky-no elementor-widget elementor-widget-image\" data-id=\"420e807\" data-element_type=\"widget\" data-settings=\"{&quot;rrdevs_sticky&quot;:&quot;no&quot;}\" data-widget_type=\"image.default\">\n\t\t\t\t<div class=\"elementor-widget-container\">\n\t\t\t\t\t\t\t\t\t\t\t\t\t<img loading=\"lazy\" decoding=\"async\" width=\"1024\" height=\"768\" src=\"https:\/\/adn-innenausbau.net\/wp-content\/uploads\/2024\/01\/WhatsApp-Image-2023-12-16-at-10.46.16-AM-6-1024x768.jpeg\" class=\"attachment-large size-large wp-image-7102\" alt=\"\" srcset=\"https:\/\/adn-innenausbau.net\/wp-content\/uploads\/2024\/01\/WhatsApp-Image-2023-12-16-at-10.46.16-AM-6-1024x768.jpeg 1024w, https:\/\/adn-innenausbau.net\/wp-content\/uploads\/2024\/01\/WhatsApp-Image-2023-12-16-at-10.46.16-AM-6-300x225.jpeg 300w, https:\/\/adn-innenausbau.net\/wp-content\/uploads\/2024\/01\/WhatsApp-Image-2023-12-16-at-10.46.16-AM-6-768x576.jpeg 768w, https:\/\/adn-innenausbau.net\/wp-content\/uploads\/2024\/01\/WhatsApp-Image-2023-12-16-at-10.46.16-AM-6-1536x1152.jpeg 1536w, https:\/\/adn-innenausbau.net\/wp-content\/uploads\/2024\/01\/WhatsApp-Image-2023-12-16-at-10.46.16-AM-6.jpeg 1600w\" sizes=\"(max-width: 1024px) 100vw, 1024px\" \/>\t\t\t\t\t\t\t\t\t\t\t\t\t<\/div>\n\t\t\t\t<\/div>\n\t\t\t\t<\/div>\n\t\t\t\t\t<\/div>\n\t\t\t\t<\/div>\n\t\t\t\t\t<\/div>\n\t\t\t\t<\/div>\n\t\t\t\t\t<\/div>\n\t\t\t\t<\/div>\n\t\t\t\t<\/div>\n\t\t","protected":false},"excerpt":{"rendered":"<p>Bautenschutz Home Ob Sie Ihr Zuhause versch\u00f6nern m\u00f6chten oder einen gewerblichen Raum renovieren m\u00f6chten, bei uns sind Sie genau richtig. Wir bieten Ihnen eine umfassende Beratung und Planung, damit Ihr Vorhaben optimal umgesetzt werden kann.<\/p>\n","protected":false},"author":1,"featured_media":0,"parent":0,"menu_order":0,"comment_status":"closed","ping_status":"closed","template":"elementor_header_footer","meta":{"inline_featured_image":false,"footnotes":""},"class_list":["post-1338","page","type-page","status-publish","hentry"],"acf":[],"_links":{"self":[{"href":"https:\/\/adn-innenausbau.net\/index.php\/wp-json\/wp\/v2\/pages\/1338","targetHints":{"allow":["GET"]}}],"collection":[{"href":"https:\/\/adn-innenausbau.net\/index.php\/wp-json\/wp\/v2\/pages"}],"about":[{"href":"https:\/\/adn-innenausbau.net\/index.php\/wp-json\/wp\/v2\/types\/page"}],"author":[{"embeddable":true,"href":"https:\/\/adn-innenausbau.net\/index.php\/wp-json\/wp\/v2\/users\/1"}],"replies":[{"embeddable":true,"href":"https:\/\/adn-innenausbau.net\/index.php\/wp-json\/wp\/v2\/comments?post=1338"}],"version-history":[{"count":11,"href":"https:\/\/adn-innenausbau.net\/index.php\/wp-json\/wp\/v2\/pages\/1338\/revisions"}],"predecessor-version":[{"id":7251,"href":"https:\/\/adn-innenausbau.net\/index.php\/wp-json\/wp\/v2\/pages\/1338\/revisions\/7251"}],"wp:attachment":[{"href":"https:\/\/adn-innenausbau.net\/index.php\/wp-json\/wp\/v2\/media?parent=1338"}],"curies":[{"name":"wp","href":"https:\/\/api.w.org\/{rel}","templated":true}]}}